{"id":139,"date":"2021-03-05T09:33:37","date_gmt":"2021-03-05T14:33:37","guid":{"rendered":"http:\/\/tiac-hub.test\/?page_id=139"},"modified":"2021-05-13T14:08:49","modified_gmt":"2021-05-13T18:08:49","slug":"a-propos","status":"publish","type":"page","link":"https:\/\/ecehub.alphabetcreative.com\/fr\/a-propos\/","title":{"rendered":"\u00c0 propos"},"content":{"rendered":"\n<p>L\u2019Association de l\u2019industrie touristique du Canada (AITC) a lanc\u00e9 le programme <em>Enrichir l\u2019exp\u00e9rience canadienne<\/em> en 2020, soit avant la pand\u00e9mie mondiale de la COVID-19. <strong>L\u2019industrie du tourisme au Canada a \u00e9t\u00e9 durement touch\u00e9e par la pand\u00e9mie<\/strong> et la route vers la reprise sera longue.<\/p>\n\n\n\n<p>Cela dit, il existe des ressources touristiques encore inexploit\u00e9es, dont nous pouvons nous servir pour diversifier les exp\u00e9riences offertes.&nbsp;<\/p>\n\n\n\n<p>Le Canada poss\u00e8de en effet de <strong>spectaculaires espaces verts<\/strong> qui offrent des occasions uniques pour le d\u00e9veloppement du tourisme en saison hivernale et interm\u00e9diaire, notamment dans les r\u00e9gions rurales et \u00e9loign\u00e9es. De plus, le Canada regorge d\u2019<strong>ingr\u00e9dients locaux qui jouissent d\u2019une renomm\u00e9e internationale<\/strong> qui nous permettent de cr\u00e9er des exp\u00e9riences multisensorielles qui mettent en vedette \u00e0 la fois l\u2019art culinaire et les lieux de partout au Canada.<\/p>\n\n\n\n<p>En ce sens, le programme <em>Enrichir l\u2019exp\u00e9rience canadienne<\/em> aide l\u2019industrie touristique canadienne a d\u00e9velopp\u00e9 des exp\u00e9riences culinaires, hivernales et interm\u00e9diaires qui sont attrayantes pour les voyageurs nationaux autant qu\u2019internationaux. De la sorte, le Canada sera pr\u00eat \u00e0 accueillir les touristes, <strong>d\u00e8s qu\u2019il sera s\u00e9curitaire de le faire.<\/strong><\/p>\n","protected":false},"excerpt":{"rendered":"<p>L\u2019Association de l\u2019industrie touristique du Canada (AITC) a lanc\u00e9 le programme Enrichir l\u2019exp\u00e9rience canadienne en 2020, soit avant la pand\u00e9mie mondiale de la COVID-19. L\u2019industrie du tourisme au Canada a \u00e9t\u00e9 durement touch\u00e9e par la pand\u00e9mie et la route vers la reprise sera longue. Cela dit, il existe des ressources touristiques encore inexploit\u00e9es, dont nous [&hellip;]<\/p>\n","protected":false},"author":1,"featured_media":467,"parent":0,"menu_order":0,"comment_status":"closed","ping_status":"closed","template":"template-about.php","meta":{"_acf_changed":false,"footnotes":""},"class_list":["post-139","page","type-page","status-publish","has-post-thumbnail","hentry"],"acf":[],"_links":{"self":[{"href":"https:\/\/ecehub.alphabetcreative.com\/fr\/wp-json\/wp\/v2\/pages\/139","targetHints":{"allow":["GET"]}}],"collection":[{"href":"https:\/\/ecehub.alphabetcreative.com\/fr\/wp-json\/wp\/v2\/pages"}],"about":[{"href":"https:\/\/ecehub.alphabetcreative.com\/fr\/wp-json\/wp\/v2\/types\/page"}],"author":[{"embeddable":true,"href":"https:\/\/ecehub.alphabetcreative.com\/fr\/wp-json\/wp\/v2\/users\/1"}],"replies":[{"embeddable":true,"href":"https:\/\/ecehub.alphabetcreative.com\/fr\/wp-json\/wp\/v2\/comments?post=139"}],"version-history":[{"count":4,"href":"https:\/\/ecehub.alphabetcreative.com\/fr\/wp-json\/wp\/v2\/pages\/139\/revisions"}],"predecessor-version":[{"id":509,"href":"https:\/\/ecehub.alphabetcreative.com\/fr\/wp-json\/wp\/v2\/pages\/139\/revisions\/509"}],"wp:featuredmedia":[{"embeddable":true,"href":"https:\/\/ecehub.alphabetcreative.com\/fr\/wp-json\/wp\/v2\/media\/467"}],"wp:attachment":[{"href":"https:\/\/ecehub.alphabetcreative.com\/fr\/wp-json\/wp\/v2\/media?parent=139"}],"curies":[{"name":"wp","href":"https:\/\/api.w.org\/{rel}","templated":true}]}}